{"id":82,"date":"2024-07-18T10:30:42","date_gmt":"2024-07-18T08:30:42","guid":{"rendered":"https:\/\/www.congere.be\/?page_id=82"},"modified":"2026-05-04T10:51:34","modified_gmt":"2026-05-04T08:51:34","slug":"carrefour-bd","status":"publish","type":"page","link":"https:\/\/www.festival-du-rire.be\/index.php\/carrefour-bd\/","title":{"rendered":"Carrefour BD"},"content":{"rendered":"\t\t<div data-elementor-type=\"wp-page\" data-elementor-id=\"82\" class=\"elementor elementor-82\">\n\t\t\t\t<div class=\"elementor-element elementor-element-202778a e-con-full e-flex e-con e-parent\" data-id=\"202778a\" data-element_type=\"container\" data-e-type=\"container\" data-settings=\"{&quot;background_background&quot;:&quot;gradient&quot;}\">\n\t\t\t\t<div class=\"elementor-element elementor-element-b7a1c83 elementor-invisible elementor-widget elementor-widget-heading\" data-id=\"b7a1c83\" data-element_type=\"widget\" data-e-type=\"widget\" data-settings=\"{&quot;_animation&quot;:&quot;fadeIn&quot;}\" data-widget_type=\"heading.default\">\n\t\t\t\t<div class=\"elementor-widget-container\">\n\t\t\t\t\t<h2 class=\"elementor-heading-title elementor-size-default\">Carrefour BD<\/h2>\t\t\t\t<\/div>\n\t\t\t\t<\/div>\n\t\t\t\t<div class=\"elementor-element elementor-element-4b7cf16 elementor-widget__width-initial elementor-widget elementor-widget-text-editor\" data-id=\"4b7cf16\" data-element_type=\"widget\" data-e-type=\"widget\" data-widget_type=\"text-editor.default\">\n\t\t\t\t<div class=\"elementor-widget-container\">\n\t\t\t\t\t\t\t\t\t<p>Depuis 1993, le Carrefour BD fait battre le c\u0153ur des passionn\u00e9s de bandes dessin\u00e9es, petits et grands ! Cette journ\u00e9e enti\u00e8rement d\u00e9di\u00e9e aux BDphiles est devenue une v\u00e9ritable institution, accueillant chaque ann\u00e9e une ribambelle de dessinateurs talentueux, sans oublier la pr\u00e9sence tr\u00e8s attendue d\u2019un invit\u00e9 d\u2019honneur.<\/p><p>Que vous soyez un collectionneur acharn\u00e9 ou un amateur de planches color\u00e9es, vous trouverez de quoi vous divertir tout au long de la journ\u00e9e.\u00a0<\/p><p><span style=\"font-size: 14px;\">Au programme : une brocante BD pour d\u00e9nicher des tr\u00e9sors oubli\u00e9s, des s\u00e9ances de d\u00e9dicaces pour rencontrer vos artistes pr\u00e9f\u00e9r\u00e9s (et peut-\u00eatre \u00e9changer quelques anecdotes croustillantes), des man\u00e8ges pour les plus petits, des jeux en bois pour tester vos talents d\u2019aventurier, et bien plus encore !\u00a0 Bref, une journ\u00e9e o\u00f9 la BD r\u00e8gne en ma\u00eetre&#8230; et o\u00f9 les bulles ne sont pas que dans les BD, mais aussi dans les rires partag\u00e9s !<\/span><\/p><p>Le jeudi 29 mai 2025, nous avons re\u00e7u Philippe Larbier comme invit\u00e9 d&rsquo;honneur de la 32\u00e8me \u00e9dition du Carrefour BD.<\/p>\t\t\t\t\t\t\t\t<\/div>\n\t\t\t\t<\/div>\n\t\t\t\t<div class=\"elementor-element elementor-element-7218166 elementor-widget elementor-widget-eael-fancy-text\" data-id=\"7218166\" data-element_type=\"widget\" data-e-type=\"widget\" data-widget_type=\"eael-fancy-text.default\">\n\t\t\t\t<div class=\"elementor-widget-container\">\n\t\t\t\t\t\n\t<div  class=\"eael-fancy-text-container style-1\" data-fancy-text-id=\"7218166\" data-fancy-text=\"|le jeudi 14 mai 2026|le jeudi 14 mai 2026\" data-fancy-text-transition-type=\"typing\" data-fancy-text-speed=\"50\" data-fancy-text-delay=\"2500\" data-fancy-text-cursor=\"yes\" data-fancy-text-loop=\"yes\" >\n\t\t\t\t\t<span class=\"eael-fancy-text-prefix\">Rendez-vous <\/span>\n\t\t\n\t\t\n\t\t\t\t\t<span id=\"eael-fancy-text-7218166\" class=\"eael-fancy-text-strings solid-color\">\n\t\t\t\t<noscript>\n\t\t\t\t\tle jeudi 14 mai 2026, le jeudi 14 mai 2026\t\t\t\t<\/noscript>\n\t\t\t<\/span>\n\t\t\n\t\t\t\t\t<span class=\"eael-fancy-text-suffix\">  <\/span>\n\t\t\t<\/div><!-- close .eael-fancy-text-container -->\n\n\t<div class=\"clearfix\"><\/div>\n\n\t\t\t\t\t<\/div>\n\t\t\t\t<\/div>\n\t\t\t\t<div class=\"elementor-element elementor-element-c651e55 elementor-widget elementor-widget-image\" data-id=\"c651e55\" data-element_type=\"widget\" data-e-type=\"widget\" data-widget_type=\"image.default\">\n\t\t\t\t<div class=\"elementor-widget-container\">\n\t\t\t\t\t\t\t\t\t\t\t\t\t\t\t<img fetchpriority=\"high\" decoding=\"async\" width=\"790\" height=\"1024\" src=\"https:\/\/www.festival-du-rire.be\/wp-content\/uploads\/2026\/03\/Affiche-FIRR-2026-BD-Carrere-A3-790x1024.png\" class=\"attachment-large size-large wp-image-4893\" alt=\"\" srcset=\"https:\/\/www.festival-du-rire.be\/wp-content\/uploads\/2026\/03\/Affiche-FIRR-2026-BD-Carrere-A3-790x1024.png 790w, https:\/\/www.festival-du-rire.be\/wp-content\/uploads\/2026\/03\/Affiche-FIRR-2026-BD-Carrere-A3-231x300.png 231w, https:\/\/www.festival-du-rire.be\/wp-content\/uploads\/2026\/03\/Affiche-FIRR-2026-BD-Carrere-A3-768x995.png 768w, https:\/\/www.festival-du-rire.be\/wp-content\/uploads\/2026\/03\/Affiche-FIRR-2026-BD-Carrere-A3-1185x1536.png 1185w, https:\/\/www.festival-du-rire.be\/wp-content\/uploads\/2026\/03\/Affiche-FIRR-2026-BD-Carrere-A3.png 1358w\" sizes=\"(max-width: 790px) 100vw, 790px\" \/>\t\t\t\t\t\t\t\t\t\t\t\t\t\t\t<\/div>\n\t\t\t\t<\/div>\n\t\t\t\t<div class=\"elementor-element elementor-element-b167973 elementor-widget elementor-widget-text-editor\" data-id=\"b167973\" data-element_type=\"widget\" data-e-type=\"widget\" data-widget_type=\"text-editor.default\">\n\t\t\t\t<div class=\"elementor-widget-container\">\n\t\t\t\t\t\t\t\t\t<p style=\"text-align: center;\"><span style=\"color: #ffffff;\">D\u00e8s 10h00: Brocante BD, vente d&rsquo;albums et figurines BD par des libraires et des particuliers.<\/span><\/p><p style=\"text-align: center;\"><span style=\"color: #ffffff;\">D\u00e8s 10h30: Vente d&rsquo;albums des auteurs pr\u00e9sents aupr\u00e8s de la libraire attitr\u00e9e du Carrefour BD<\/span><\/p><p style=\"text-align: center;\"><span style=\"color: #ffffff;\">A 14h00: Animations gratuites pour petits et grands: 20 jeux g\u00e9ants en bois, animation Graffiti wall, Gayelle Illu (Atelier Aquarelle), animation musicale par Dix&rsquo;Hybrid Band, &#8230;<\/span><\/p><p style=\"text-align: center;\"><span style=\"color: #ffffff;\">De 15h30 \u00e0 18h00: S\u00e9ance de d\u00e9dicaces avec Serge et Brigitte Carr\u00e8re, Dany, Batem, Saive, Hardy, Grenson, Servais, St\u00e9do, Paulis, Didot, Decressac, &#8230;<\/span><\/p><p style=\"text-align: center;\"><span style=\"color: #ffffff;\">Du 29\/04 au 31\/05\/2026:\u00a0<\/span><span style=\"color: #ffffff; font-size: 14px; background-color: transparent;\">Exposition sign\u00e9e Serge Carr\u00e8re (l<\/span><span style=\"color: #ffffff; font-size: 14px; background-color: transparent;\">&lsquo;expo se tiendra \u00e0 l&rsquo;Office du Tourisme)<\/span><\/p>\t\t\t\t\t\t\t\t<\/div>\n\t\t\t\t<\/div>\n\t\t\t\t<div class=\"elementor-element elementor-element-015b4e9 elementor-arrows-position-inside elementor-pagination-position-outside elementor-widget elementor-widget-image-carousel\" data-id=\"015b4e9\" data-element_type=\"widget\" data-e-type=\"widget\" data-settings=\"{&quot;autoplay_speed&quot;:2500,&quot;navigation&quot;:&quot;both&quot;,&quot;autoplay&quot;:&quot;yes&quot;,&quot;pause_on_hover&quot;:&quot;yes&quot;,&quot;pause_on_interaction&quot;:&quot;yes&quot;,&quot;infinite&quot;:&quot;yes&quot;,&quot;speed&quot;:500}\" data-widget_type=\"image-carousel.default\">\n\t\t\t\t<div class=\"elementor-widget-container\">\n\t\t\t\t\t\t\t<div class=\"elementor-image-carousel-wrapper swiper\" role=\"region\" aria-roledescription=\"carousel\" aria-label=\"Carrousel d\u2019images\" dir=\"ltr\">\n\t\t\t<div class=\"elementor-image-carousel swiper-wrapper\" aria-live=\"off\">\n\t\t\t\t\t\t\t\t<div class=\"swiper-slide\" role=\"group\" aria-roledescription=\"slide\" aria-label=\"1 sur 10\"><figure class=\"swiper-slide-inner\"><img decoding=\"async\" class=\"swiper-slide-image\" src=\"https:\/\/www.festival-du-rire.be\/wp-content\/uploads\/2025\/07\/5-1.png\" alt=\"5\" \/><\/figure><\/div><div class=\"swiper-slide\" role=\"group\" aria-roledescription=\"slide\" aria-label=\"2 sur 10\"><figure class=\"swiper-slide-inner\"><img decoding=\"async\" class=\"swiper-slide-image\" src=\"https:\/\/www.festival-du-rire.be\/wp-content\/uploads\/2025\/07\/9.png\" alt=\"9\" \/><\/figure><\/div><div class=\"swiper-slide\" role=\"group\" aria-roledescription=\"slide\" aria-label=\"3 sur 10\"><figure class=\"swiper-slide-inner\"><img decoding=\"async\" class=\"swiper-slide-image\" src=\"https:\/\/www.festival-du-rire.be\/wp-content\/uploads\/2025\/07\/11.png\" alt=\"11\" \/><\/figure><\/div><div class=\"swiper-slide\" role=\"group\" aria-roledescription=\"slide\" aria-label=\"4 sur 10\"><figure class=\"swiper-slide-inner\"><img decoding=\"async\" class=\"swiper-slide-image\" src=\"https:\/\/www.festival-du-rire.be\/wp-content\/uploads\/2025\/07\/10.png\" alt=\"10\" \/><\/figure><\/div><div class=\"swiper-slide\" role=\"group\" aria-roledescription=\"slide\" aria-label=\"5 sur 10\"><figure class=\"swiper-slide-inner\"><img decoding=\"async\" class=\"swiper-slide-image\" src=\"https:\/\/www.festival-du-rire.be\/wp-content\/uploads\/2025\/07\/3-1.png\" alt=\"3\" \/><\/figure><\/div><div class=\"swiper-slide\" role=\"group\" aria-roledescription=\"slide\" aria-label=\"6 sur 10\"><figure class=\"swiper-slide-inner\"><img decoding=\"async\" class=\"swiper-slide-image\" src=\"https:\/\/www.festival-du-rire.be\/wp-content\/uploads\/2025\/07\/1-1.png\" alt=\"1\" \/><\/figure><\/div><div class=\"swiper-slide\" role=\"group\" aria-roledescription=\"slide\" aria-label=\"7 sur 10\"><figure class=\"swiper-slide-inner\"><img decoding=\"async\" class=\"swiper-slide-image\" src=\"https:\/\/www.festival-du-rire.be\/wp-content\/uploads\/2025\/07\/2-1.png\" alt=\"2\" \/><\/figure><\/div><div class=\"swiper-slide\" role=\"group\" aria-roledescription=\"slide\" aria-label=\"8 sur 10\"><figure class=\"swiper-slide-inner\"><img decoding=\"async\" class=\"swiper-slide-image\" src=\"https:\/\/www.festival-du-rire.be\/wp-content\/uploads\/2025\/07\/6-1.png\" alt=\"6\" \/><\/figure><\/div><div class=\"swiper-slide\" role=\"group\" aria-roledescription=\"slide\" aria-label=\"9 sur 10\"><figure class=\"swiper-slide-inner\"><img decoding=\"async\" class=\"swiper-slide-image\" src=\"https:\/\/www.festival-du-rire.be\/wp-content\/uploads\/2024\/08\/CED9767.jpg\" alt=\"_CED9767\" \/><\/figure><\/div><div class=\"swiper-slide\" role=\"group\" aria-roledescription=\"slide\" aria-label=\"10 sur 10\"><figure class=\"swiper-slide-inner\"><img decoding=\"async\" class=\"swiper-slide-image\" src=\"https:\/\/www.festival-du-rire.be\/wp-content\/uploads\/2025\/07\/8-1.png\" alt=\"8\" \/><\/figure><\/div>\t\t\t<\/div>\n\t\t\t\t\t\t\t\t\t\t\t\t<div class=\"elementor-swiper-button elementor-swiper-button-prev\" role=\"button\" tabindex=\"0\">\n\t\t\t\t\t\t<svg aria-hidden=\"true\" class=\"e-font-icon-svg e-eicon-chevron-left\" viewBox=\"0 0 1000 1000\" xmlns=\"http:\/\/www.w3.org\/2000\/svg\"><path d=\"M646 125C629 125 613 133 604 142L308 442C296 454 292 471 292 487 292 504 296 521 308 533L604 854C617 867 629 875 646 875 663 875 679 871 692 858 704 846 713 829 713 812 713 796 708 779 692 767L438 487 692 225C700 217 708 204 708 187 708 171 704 154 692 142 675 129 663 125 646 125Z\"><\/path><\/svg>\t\t\t\t\t<\/div>\n\t\t\t\t\t<div class=\"elementor-swiper-button elementor-swiper-button-next\" role=\"button\" tabindex=\"0\">\n\t\t\t\t\t\t<svg aria-hidden=\"true\" class=\"e-font-icon-svg e-eicon-chevron-right\" viewBox=\"0 0 1000 1000\" xmlns=\"http:\/\/www.w3.org\/2000\/svg\"><path d=\"M696 533C708 521 713 504 713 487 713 471 708 454 696 446L400 146C388 133 375 125 354 125 338 125 325 129 313 142 300 154 292 171 292 187 292 204 296 221 308 233L563 492 304 771C292 783 288 800 288 817 288 833 296 850 308 863 321 871 338 875 354 875 371 875 388 867 400 854L696 533Z\"><\/path><\/svg>\t\t\t\t\t<\/div>\n\t\t\t\t\n\t\t\t\t\t\t\t\t\t<div class=\"swiper-pagination\"><\/div>\n\t\t\t\t\t\t\t\t\t<\/div>\n\t\t\t\t\t\t<\/div>\n\t\t\t\t<\/div>\n\t\t\t\t<\/div>\n\t\t<div class=\"elementor-element elementor-element-80914fc e-flex e-con-boxed e-con e-parent\" data-id=\"80914fc\" data-element_type=\"container\" data-e-type=\"container\">\n\t\t\t\t\t<div class=\"e-con-inner\">\n\t\t\t\t\t<\/div>\n\t\t\t\t<\/div>\n\t\t\t\t<\/div>\n\t\t","protected":false},"excerpt":{"rendered":"<p>Carrefour BD Depuis 1993, le Carrefour BD fait battre le c\u0153ur des passionn\u00e9s de bandes dessin\u00e9es, petits et grands ! Cette journ\u00e9e enti\u00e8rement d\u00e9di\u00e9e aux BDphiles est devenue une v\u00e9ritable institution, accueillant chaque ann\u00e9e une ribambelle de dessinateurs talentueux, sans oublier la pr\u00e9sence tr\u00e8s attendue d\u2019un invit\u00e9 d\u2019honneur. Que vous soyez un collectionneur acharn\u00e9 ou [&hellip;]<\/p>\n","protected":false},"author":2,"featured_media":0,"parent":0,"menu_order":0,"comment_status":"closed","ping_status":"closed","template":"elementor_header_footer","meta":{"footnotes":""},"class_list":["post-82","page","type-page","status-publish","hentry","entry"],"yoast_head":"<!-- This site is optimized with the Yoast SEO plugin v24.1 - https:\/\/yoast.com\/wordpress\/plugins\/seo\/ -->\n<title>Carrefour BD - Firr<\/title>\n<meta name=\"robots\" content=\"index, follow, max-snippet:-1, max-image-preview:large, max-video-preview:-1\" \/>\n<link rel=\"canonical\" href=\"https:\/\/www.festival-du-rire.be\/index.php\/carrefour-bd\/\" \/>\n<meta property=\"og:locale\" content=\"fr_FR\" \/>\n<meta property=\"og:type\" content=\"article\" \/>\n<meta property=\"og:title\" content=\"Carrefour BD - Firr\" \/>\n<meta property=\"og:description\" content=\"Carrefour BD Depuis 1993, le Carrefour BD fait battre le c\u0153ur des passionn\u00e9s de bandes dessin\u00e9es, petits et grands ! Cette journ\u00e9e enti\u00e8rement d\u00e9di\u00e9e aux BDphiles est devenue une v\u00e9ritable institution, accueillant chaque ann\u00e9e une ribambelle de dessinateurs talentueux, sans oublier la pr\u00e9sence tr\u00e8s attendue d\u2019un invit\u00e9 d\u2019honneur. Que vous soyez un collectionneur acharn\u00e9 ou [&hellip;]\" \/>\n<meta property=\"og:url\" content=\"https:\/\/www.festival-du-rire.be\/index.php\/carrefour-bd\/\" \/>\n<meta property=\"og:site_name\" content=\"Firr\" \/>\n<meta property=\"article:modified_time\" content=\"2026-05-04T08:51:34+00:00\" \/>\n<meta property=\"og:image\" content=\"https:\/\/www.festival-du-rire.be\/wp-content\/uploads\/2026\/03\/Affiche-FIRR-2026-BD-Carrere-A3.png\" \/>\n\t<meta property=\"og:image:width\" content=\"1358\" \/>\n\t<meta property=\"og:image:height\" content=\"1760\" \/>\n\t<meta property=\"og:image:type\" content=\"image\/png\" \/>\n<meta name=\"twitter:card\" content=\"summary_large_image\" \/>\n<meta name=\"twitter:label1\" content=\"Dur\u00e9e de lecture estim\u00e9e\" \/>\n\t<meta name=\"twitter:data1\" content=\"5 minutes\" \/>\n<script type=\"application\/ld+json\" class=\"yoast-schema-graph\">{\"@context\":\"https:\/\/schema.org\",\"@graph\":[{\"@type\":\"WebPage\",\"@id\":\"https:\/\/www.festival-du-rire.be\/index.php\/carrefour-bd\/\",\"url\":\"https:\/\/www.festival-du-rire.be\/index.php\/carrefour-bd\/\",\"name\":\"Carrefour BD - Firr\",\"isPartOf\":{\"@id\":\"https:\/\/www.festival-du-rire.be\/#website\"},\"primaryImageOfPage\":{\"@id\":\"https:\/\/www.festival-du-rire.be\/index.php\/carrefour-bd\/#primaryimage\"},\"image\":{\"@id\":\"https:\/\/www.festival-du-rire.be\/index.php\/carrefour-bd\/#primaryimage\"},\"thumbnailUrl\":\"https:\/\/www.festival-du-rire.be\/wp-content\/uploads\/2026\/03\/Affiche-FIRR-2026-BD-Carrere-A3-790x1024.png\",\"datePublished\":\"2024-07-18T08:30:42+00:00\",\"dateModified\":\"2026-05-04T08:51:34+00:00\",\"breadcrumb\":{\"@id\":\"https:\/\/www.festival-du-rire.be\/index.php\/carrefour-bd\/#breadcrumb\"},\"inLanguage\":\"fr-FR\",\"potentialAction\":[{\"@type\":\"ReadAction\",\"target\":[\"https:\/\/www.festival-du-rire.be\/index.php\/carrefour-bd\/\"]}]},{\"@type\":\"ImageObject\",\"inLanguage\":\"fr-FR\",\"@id\":\"https:\/\/www.festival-du-rire.be\/index.php\/carrefour-bd\/#primaryimage\",\"url\":\"https:\/\/www.festival-du-rire.be\/wp-content\/uploads\/2026\/03\/Affiche-FIRR-2026-BD-Carrere-A3.png\",\"contentUrl\":\"https:\/\/www.festival-du-rire.be\/wp-content\/uploads\/2026\/03\/Affiche-FIRR-2026-BD-Carrere-A3.png\",\"width\":1358,\"height\":1760},{\"@type\":\"BreadcrumbList\",\"@id\":\"https:\/\/www.festival-du-rire.be\/index.php\/carrefour-bd\/#breadcrumb\",\"itemListElement\":[{\"@type\":\"ListItem\",\"position\":1,\"name\":\"Accueil\",\"item\":\"https:\/\/www.festival-du-rire.be\/\"},{\"@type\":\"ListItem\",\"position\":2,\"name\":\"Carrefour BD\"}]},{\"@type\":\"WebSite\",\"@id\":\"https:\/\/www.festival-du-rire.be\/#website\",\"url\":\"https:\/\/www.festival-du-rire.be\/\",\"name\":\"Firr\",\"description\":\"\",\"publisher\":{\"@id\":\"https:\/\/www.festival-du-rire.be\/#organization\"},\"potentialAction\":[{\"@type\":\"SearchAction\",\"target\":{\"@type\":\"EntryPoint\",\"urlTemplate\":\"https:\/\/www.festival-du-rire.be\/?s={search_term_string}\"},\"query-input\":{\"@type\":\"PropertyValueSpecification\",\"valueRequired\":true,\"valueName\":\"search_term_string\"}}],\"inLanguage\":\"fr-FR\"},{\"@type\":\"Organization\",\"@id\":\"https:\/\/www.festival-du-rire.be\/#organization\",\"name\":\"Firr\",\"url\":\"https:\/\/www.festival-du-rire.be\/\",\"logo\":{\"@type\":\"ImageObject\",\"inLanguage\":\"fr-FR\",\"@id\":\"https:\/\/www.festival-du-rire.be\/#\/schema\/logo\/image\/\",\"url\":\"https:\/\/www.festival-du-rire.be\/wp-content\/uploads\/2024\/07\/cropped-Profil-FIRR_smiley-modif.png\",\"contentUrl\":\"https:\/\/www.festival-du-rire.be\/wp-content\/uploads\/2024\/07\/cropped-Profil-FIRR_smiley-modif.png\",\"width\":561,\"height\":442,\"caption\":\"Firr\"},\"image\":{\"@id\":\"https:\/\/www.festival-du-rire.be\/#\/schema\/logo\/image\/\"}}]}<\/script>\n<!-- \/ Yoast SEO plugin. -->","yoast_head_json":{"title":"Carrefour BD - Firr","robots":{"index":"index","follow":"follow","max-snippet":"max-snippet:-1","max-image-preview":"max-image-preview:large","max-video-preview":"max-video-preview:-1"},"canonical":"https:\/\/www.festival-du-rire.be\/index.php\/carrefour-bd\/","og_locale":"fr_FR","og_type":"article","og_title":"Carrefour BD - Firr","og_description":"Carrefour BD Depuis 1993, le Carrefour BD fait battre le c\u0153ur des passionn\u00e9s de bandes dessin\u00e9es, petits et grands ! Cette journ\u00e9e enti\u00e8rement d\u00e9di\u00e9e aux BDphiles est devenue une v\u00e9ritable institution, accueillant chaque ann\u00e9e une ribambelle de dessinateurs talentueux, sans oublier la pr\u00e9sence tr\u00e8s attendue d\u2019un invit\u00e9 d\u2019honneur. Que vous soyez un collectionneur acharn\u00e9 ou [&hellip;]","og_url":"https:\/\/www.festival-du-rire.be\/index.php\/carrefour-bd\/","og_site_name":"Firr","article_modified_time":"2026-05-04T08:51:34+00:00","og_image":[{"width":1358,"height":1760,"url":"https:\/\/www.festival-du-rire.be\/wp-content\/uploads\/2026\/03\/Affiche-FIRR-2026-BD-Carrere-A3.png","type":"image\/png"}],"twitter_card":"summary_large_image","twitter_misc":{"Dur\u00e9e de lecture estim\u00e9e":"5 minutes"},"schema":{"@context":"https:\/\/schema.org","@graph":[{"@type":"WebPage","@id":"https:\/\/www.festival-du-rire.be\/index.php\/carrefour-bd\/","url":"https:\/\/www.festival-du-rire.be\/index.php\/carrefour-bd\/","name":"Carrefour BD - Firr","isPartOf":{"@id":"https:\/\/www.festival-du-rire.be\/#website"},"primaryImageOfPage":{"@id":"https:\/\/www.festival-du-rire.be\/index.php\/carrefour-bd\/#primaryimage"},"image":{"@id":"https:\/\/www.festival-du-rire.be\/index.php\/carrefour-bd\/#primaryimage"},"thumbnailUrl":"https:\/\/www.festival-du-rire.be\/wp-content\/uploads\/2026\/03\/Affiche-FIRR-2026-BD-Carrere-A3-790x1024.png","datePublished":"2024-07-18T08:30:42+00:00","dateModified":"2026-05-04T08:51:34+00:00","breadcrumb":{"@id":"https:\/\/www.festival-du-rire.be\/index.php\/carrefour-bd\/#breadcrumb"},"inLanguage":"fr-FR","potentialAction":[{"@type":"ReadAction","target":["https:\/\/www.festival-du-rire.be\/index.php\/carrefour-bd\/"]}]},{"@type":"ImageObject","inLanguage":"fr-FR","@id":"https:\/\/www.festival-du-rire.be\/index.php\/carrefour-bd\/#primaryimage","url":"https:\/\/www.festival-du-rire.be\/wp-content\/uploads\/2026\/03\/Affiche-FIRR-2026-BD-Carrere-A3.png","contentUrl":"https:\/\/www.festival-du-rire.be\/wp-content\/uploads\/2026\/03\/Affiche-FIRR-2026-BD-Carrere-A3.png","width":1358,"height":1760},{"@type":"BreadcrumbList","@id":"https:\/\/www.festival-du-rire.be\/index.php\/carrefour-bd\/#breadcrumb","itemListElement":[{"@type":"ListItem","position":1,"name":"Accueil","item":"https:\/\/www.festival-du-rire.be\/"},{"@type":"ListItem","position":2,"name":"Carrefour BD"}]},{"@type":"WebSite","@id":"https:\/\/www.festival-du-rire.be\/#website","url":"https:\/\/www.festival-du-rire.be\/","name":"Firr","description":"","publisher":{"@id":"https:\/\/www.festival-du-rire.be\/#organization"},"potentialAction":[{"@type":"SearchAction","target":{"@type":"EntryPoint","urlTemplate":"https:\/\/www.festival-du-rire.be\/?s={search_term_string}"},"query-input":{"@type":"PropertyValueSpecification","valueRequired":true,"valueName":"search_term_string"}}],"inLanguage":"fr-FR"},{"@type":"Organization","@id":"https:\/\/www.festival-du-rire.be\/#organization","name":"Firr","url":"https:\/\/www.festival-du-rire.be\/","logo":{"@type":"ImageObject","inLanguage":"fr-FR","@id":"https:\/\/www.festival-du-rire.be\/#\/schema\/logo\/image\/","url":"https:\/\/www.festival-du-rire.be\/wp-content\/uploads\/2024\/07\/cropped-Profil-FIRR_smiley-modif.png","contentUrl":"https:\/\/www.festival-du-rire.be\/wp-content\/uploads\/2024\/07\/cropped-Profil-FIRR_smiley-modif.png","width":561,"height":442,"caption":"Firr"},"image":{"@id":"https:\/\/www.festival-du-rire.be\/#\/schema\/logo\/image\/"}}]}},"_links":{"self":[{"href":"https:\/\/www.festival-du-rire.be\/index.php\/wp-json\/wp\/v2\/pages\/82","targetHints":{"allow":["GET"]}}],"collection":[{"href":"https:\/\/www.festival-du-rire.be\/index.php\/wp-json\/wp\/v2\/pages"}],"about":[{"href":"https:\/\/www.festival-du-rire.be\/index.php\/wp-json\/wp\/v2\/types\/page"}],"author":[{"embeddable":true,"href":"https:\/\/www.festival-du-rire.be\/index.php\/wp-json\/wp\/v2\/users\/2"}],"replies":[{"embeddable":true,"href":"https:\/\/www.festival-du-rire.be\/index.php\/wp-json\/wp\/v2\/comments?post=82"}],"version-history":[{"count":136,"href":"https:\/\/www.festival-du-rire.be\/index.php\/wp-json\/wp\/v2\/pages\/82\/revisions"}],"predecessor-version":[{"id":4950,"href":"https:\/\/www.festival-du-rire.be\/index.php\/wp-json\/wp\/v2\/pages\/82\/revisions\/4950"}],"wp:attachment":[{"href":"https:\/\/www.festival-du-rire.be\/index.php\/wp-json\/wp\/v2\/media?parent=82"}],"curies":[{"name":"wp","href":"https:\/\/api.w.org\/{rel}","templated":true}]}}