{"id":80,"date":"2024-07-18T10:30:29","date_gmt":"2024-07-18T08:30:29","guid":{"rendered":"https:\/\/www.congere.be\/?page_id=80"},"modified":"2026-03-12T14:48:44","modified_gmt":"2026-03-12T13:48:44","slug":"concerts","status":"publish","type":"page","link":"https:\/\/www.festival-du-rire.be\/index.php\/concerts\/","title":{"rendered":"Afters FIRR"},"content":{"rendered":"\t\t<div data-elementor-type=\"wp-page\" data-elementor-id=\"80\" class=\"elementor elementor-80\">\n\t\t\t\t<div class=\"elementor-element elementor-element-9776ce4 e-con-full e-flex e-con e-parent\" data-id=\"9776ce4\" data-element_type=\"container\" data-e-type=\"container\" data-settings=\"{&quot;background_background&quot;:&quot;gradient&quot;}\">\n\t\t\t\t<div class=\"elementor-element elementor-element-d27c8ba elementor-invisible elementor-widget elementor-widget-heading\" data-id=\"d27c8ba\" data-element_type=\"widget\" data-e-type=\"widget\" data-settings=\"{&quot;_animation&quot;:&quot;fadeIn&quot;}\" data-widget_type=\"heading.default\">\n\t\t\t\t<div class=\"elementor-widget-container\">\n\t\t\t\t\t<h2 class=\"elementor-heading-title elementor-size-default\">AFTERS FIRR<\/h2>\t\t\t\t<\/div>\n\t\t\t\t<\/div>\n\t\t\t\t<div class=\"elementor-element elementor-element-3ebac7c elementor-widget__width-initial elementor-widget elementor-widget-text-editor\" data-id=\"3ebac7c\" data-element_type=\"widget\" data-e-type=\"widget\" data-widget_type=\"text-editor.default\">\n\t\t\t\t<div class=\"elementor-widget-container\">\n\t\t\t\t\t\t\t\t\t<p>Ah, le Festival International du Rire de Rochefort, c&rsquo;est bien plus que des \u00e9clats de rire \u00e0 s&rsquo;en d\u00e9crocher la m\u00e2choire ! Vous pensiez qu&rsquo;on ne faisait que chatouiller vos zygomatiques ? D\u00e9trompez-vous ! On va aussi faire vibrer vos oreilles et surtout, r\u00e9veiller le danseur qui sommeille en vous.<\/p><p>Entre deux fous rires, venez vous d\u00e9hancher sur des concerts qui sentent bon la nostalgie et la modernit\u00e9 : des cover bands qui vous replongent dans vos morceaux pr\u00e9f\u00e9r\u00e9s, de la musique urbaine pour ceux qui aiment les vibes d\u2019aujourd\u2019hui, sans oublier des soir\u00e9es qui traversent les ann\u00e9es 80, 90 et jusqu\u2019\u00e0 nos jours. Il y en a pour tous les go\u00fbts, de quoi satisfaire chaque fibre musicale de votre corps !<\/p><p>Et l&rsquo;ambiance ? Elle est tellement survolt\u00e9e qu&rsquo;on en perdrait presque l&rsquo;\u00e9quilibre (mais c\u2019est s\u00fbrement juste \u00e0 force de danser). Alors, chaussez vos plus belles baskets ou ressortez vos mocassins \u00e0 paillettes et rendez-vous tous les week-ends pour faire chauffer la piste. Rochefort, c\u2019est le festival o\u00f9 on rit, on chante, et on danse&#8230; jusqu\u2019au bout de la nuit !<\/p>\t\t\t\t\t\t\t\t<\/div>\n\t\t\t\t<\/div>\n\t\t\t\t<div class=\"elementor-element elementor-element-c699ee0 elementor-widget__width-inherit elementor-widget elementor-widget-eael-fancy-text\" data-id=\"c699ee0\" data-element_type=\"widget\" data-e-type=\"widget\" data-widget_type=\"eael-fancy-text.default\">\n\t\t\t\t<div class=\"elementor-widget-container\">\n\t\t\t\t\t\n\t<div  class=\"eael-fancy-text-container style-1\" data-fancy-text-id=\"c699ee0\" data-fancy-text=\"|du mercredi 13\/05 au samedi 16\/05\/2026|du mercredi 13\/05 au samedi 16\/05\/2026\" data-fancy-text-transition-type=\"typing\" data-fancy-text-speed=\"50\" data-fancy-text-delay=\"2500\" data-fancy-text-cursor=\"yes\" data-fancy-text-loop=\"yes\" >\n\t\t\t\t\t<span class=\"eael-fancy-text-prefix\">Rendez-vous <\/span>\n\t\t\n\t\t\n\t\t\t\t\t<span id=\"eael-fancy-text-c699ee0\" class=\"eael-fancy-text-strings solid-color\">\n\t\t\t\t<noscript>\n\t\t\t\t\tdu mercredi 13\/05 au samedi 16\/05\/2026, du mercredi 13\/05 au samedi 16\/05\/2026\t\t\t\t<\/noscript>\n\t\t\t<\/span>\n\t\t\n\t\t\t<\/div><!-- close .eael-fancy-text-container -->\n\n\t<div class=\"clearfix\"><\/div>\n\n\t\t\t\t\t<\/div>\n\t\t\t\t<\/div>\n\t\t\t\t<div class=\"elementor-element elementor-element-b3e1ade elementor-widget__width-initial elementor-widget elementor-widget-text-editor\" data-id=\"b3e1ade\" data-element_type=\"widget\" data-e-type=\"widget\" data-widget_type=\"text-editor.default\">\n\t\t\t\t<div class=\"elementor-widget-container\">\n\t\t\t\t\t\t\t\t\t<p>MERCREDI 13\/05 &#8211; 21h00: Urban Party by QDF avec DJ Flash &#8211; 12 \u20ac\/pers<\/p><p>JEUDI 14\/05 &#8211; 21h00: Cin\u00e9ma plein air &#8211; 5\u20ac\/pers<\/p><p>VENDREDI 15\/05 &#8211; 21h00: Ann\u00e9es 80 \u00e0 nos jours &#8211; Gratuit avant 23h &#8211; Payant apr\u00e8s: 8 \u20ac<\/p><p>SAMEDI 16\/05 &#8211; 21h00: DJ Capi &#8211; Gratuit<\/p>\t\t\t\t\t\t\t\t<\/div>\n\t\t\t\t<\/div>\n\t\t\t\t<div class=\"elementor-element elementor-element-79c8a58 elementor-widget elementor-widget-image\" data-id=\"79c8a58\" data-element_type=\"widget\" data-e-type=\"widget\" data-widget_type=\"image.default\">\n\t\t\t\t<div class=\"elementor-widget-container\">\n\t\t\t\t\t\t\t\t\t\t\t\t\t\t\t<img fetchpriority=\"high\" decoding=\"async\" width=\"724\" height=\"1024\" src=\"https:\/\/www.festival-du-rire.be\/wp-content\/uploads\/2026\/03\/Affiche-les-afters-du-FIRR-2026-724x1024.png\" class=\"attachment-large size-large wp-image-4794\" alt=\"\" srcset=\"https:\/\/www.festival-du-rire.be\/wp-content\/uploads\/2026\/03\/Affiche-les-afters-du-FIRR-2026-724x1024.png 724w, https:\/\/www.festival-du-rire.be\/wp-content\/uploads\/2026\/03\/Affiche-les-afters-du-FIRR-2026-212x300.png 212w, https:\/\/www.festival-du-rire.be\/wp-content\/uploads\/2026\/03\/Affiche-les-afters-du-FIRR-2026-768x1086.png 768w, https:\/\/www.festival-du-rire.be\/wp-content\/uploads\/2026\/03\/Affiche-les-afters-du-FIRR-2026-1086x1536.png 1086w, https:\/\/www.festival-du-rire.be\/wp-content\/uploads\/2026\/03\/Affiche-les-afters-du-FIRR-2026.png 1414w\" sizes=\"(max-width: 724px) 100vw, 724px\" \/>\t\t\t\t\t\t\t\t\t\t\t\t\t\t\t<\/div>\n\t\t\t\t<\/div>\n\t\t\t\t<div class=\"elementor-element elementor-element-16ed88c elementor-widget__width-initial elementor-arrows-position-inside elementor-pagination-position-outside elementor-widget elementor-widget-image-carousel\" data-id=\"16ed88c\" data-element_type=\"widget\" data-e-type=\"widget\" data-settings=\"{&quot;autoplay_speed&quot;:2500,&quot;navigation&quot;:&quot;both&quot;,&quot;autoplay&quot;:&quot;yes&quot;,&quot;pause_on_hover&quot;:&quot;yes&quot;,&quot;pause_on_interaction&quot;:&quot;yes&quot;,&quot;infinite&quot;:&quot;yes&quot;,&quot;speed&quot;:500}\" data-widget_type=\"image-carousel.default\">\n\t\t\t\t<div class=\"elementor-widget-container\">\n\t\t\t\t\t\t\t<div class=\"elementor-image-carousel-wrapper swiper\" role=\"region\" aria-roledescription=\"carousel\" aria-label=\"Carrousel d\u2019images\" dir=\"ltr\">\n\t\t\t<div class=\"elementor-image-carousel swiper-wrapper\" aria-live=\"off\">\n\t\t\t\t\t\t\t\t<div class=\"swiper-slide\" role=\"group\" aria-roledescription=\"slide\" aria-label=\"1 sur 8\"><figure class=\"swiper-slide-inner\"><img decoding=\"async\" class=\"swiper-slide-image\" src=\"https:\/\/www.festival-du-rire.be\/wp-content\/uploads\/2025\/07\/1.png\" alt=\"1\" \/><\/figure><\/div><div class=\"swiper-slide\" role=\"group\" aria-roledescription=\"slide\" aria-label=\"2 sur 8\"><figure class=\"swiper-slide-inner\"><img decoding=\"async\" class=\"swiper-slide-image\" src=\"https:\/\/www.festival-du-rire.be\/wp-content\/uploads\/2025\/07\/2.png\" alt=\"2\" \/><\/figure><\/div><div class=\"swiper-slide\" role=\"group\" aria-roledescription=\"slide\" aria-label=\"3 sur 8\"><figure class=\"swiper-slide-inner\"><img decoding=\"async\" class=\"swiper-slide-image\" src=\"https:\/\/www.festival-du-rire.be\/wp-content\/uploads\/2025\/07\/3.png\" alt=\"3\" \/><\/figure><\/div><div class=\"swiper-slide\" role=\"group\" aria-roledescription=\"slide\" aria-label=\"4 sur 8\"><figure class=\"swiper-slide-inner\"><img decoding=\"async\" class=\"swiper-slide-image\" src=\"https:\/\/www.festival-du-rire.be\/wp-content\/uploads\/2025\/07\/4.png\" alt=\"4\" \/><\/figure><\/div><div class=\"swiper-slide\" role=\"group\" aria-roledescription=\"slide\" aria-label=\"5 sur 8\"><figure class=\"swiper-slide-inner\"><img decoding=\"async\" class=\"swiper-slide-image\" src=\"https:\/\/www.festival-du-rire.be\/wp-content\/uploads\/2025\/07\/5.png\" alt=\"5\" \/><\/figure><\/div><div class=\"swiper-slide\" role=\"group\" aria-roledescription=\"slide\" aria-label=\"6 sur 8\"><figure class=\"swiper-slide-inner\"><img decoding=\"async\" class=\"swiper-slide-image\" src=\"https:\/\/www.festival-du-rire.be\/wp-content\/uploads\/2025\/07\/6.png\" alt=\"6\" \/><\/figure><\/div><div class=\"swiper-slide\" role=\"group\" aria-roledescription=\"slide\" aria-label=\"7 sur 8\"><figure class=\"swiper-slide-inner\"><img decoding=\"async\" class=\"swiper-slide-image\" src=\"https:\/\/www.festival-du-rire.be\/wp-content\/uploads\/2025\/07\/7.png\" alt=\"7\" \/><\/figure><\/div><div class=\"swiper-slide\" role=\"group\" aria-roledescription=\"slide\" aria-label=\"8 sur 8\"><figure class=\"swiper-slide-inner\"><img decoding=\"async\" class=\"swiper-slide-image\" src=\"https:\/\/www.festival-du-rire.be\/wp-content\/uploads\/2025\/07\/8.png\" alt=\"8\" \/><\/figure><\/div>\t\t\t<\/div>\n\t\t\t\t\t\t\t\t\t\t\t\t<div class=\"elementor-swiper-button elementor-swiper-button-prev\" role=\"button\" tabindex=\"0\">\n\t\t\t\t\t\t<svg aria-hidden=\"true\" class=\"e-font-icon-svg e-eicon-chevron-left\" viewBox=\"0 0 1000 1000\" xmlns=\"http:\/\/www.w3.org\/2000\/svg\"><path d=\"M646 125C629 125 613 133 604 142L308 442C296 454 292 471 292 487 292 504 296 521 308 533L604 854C617 867 629 875 646 875 663 875 679 871 692 858 704 846 713 829 713 812 713 796 708 779 692 767L438 487 692 225C700 217 708 204 708 187 708 171 704 154 692 142 675 129 663 125 646 125Z\"><\/path><\/svg>\t\t\t\t\t<\/div>\n\t\t\t\t\t<div class=\"elementor-swiper-button elementor-swiper-button-next\" role=\"button\" tabindex=\"0\">\n\t\t\t\t\t\t<svg aria-hidden=\"true\" class=\"e-font-icon-svg e-eicon-chevron-right\" viewBox=\"0 0 1000 1000\" xmlns=\"http:\/\/www.w3.org\/2000\/svg\"><path d=\"M696 533C708 521 713 504 713 487 713 471 708 454 696 446L400 146C388 133 375 125 354 125 338 125 325 129 313 142 300 154 292 171 292 187 292 204 296 221 308 233L563 492 304 771C292 783 288 800 288 817 288 833 296 850 308 863 321 871 338 875 354 875 371 875 388 867 400 854L696 533Z\"><\/path><\/svg>\t\t\t\t\t<\/div>\n\t\t\t\t\n\t\t\t\t\t\t\t\t\t<div class=\"swiper-pagination\"><\/div>\n\t\t\t\t\t\t\t\t\t<\/div>\n\t\t\t\t\t\t<\/div>\n\t\t\t\t<\/div>\n\t\t\t\t<\/div>\n\t\t\t\t<\/div>\n\t\t","protected":false},"excerpt":{"rendered":"<p>AFTERS FIRR Ah, le Festival International du Rire de Rochefort, c&rsquo;est bien plus que des \u00e9clats de rire \u00e0 s&rsquo;en d\u00e9crocher la m\u00e2choire ! Vous pensiez qu&rsquo;on ne faisait que chatouiller vos zygomatiques ? D\u00e9trompez-vous ! On va aussi faire vibrer vos oreilles et surtout, r\u00e9veiller le danseur qui sommeille en vous. Entre deux fous [&hellip;]<\/p>\n","protected":false},"author":2,"featured_media":0,"parent":0,"menu_order":0,"comment_status":"closed","ping_status":"closed","template":"elementor_header_footer","meta":{"footnotes":""},"class_list":["post-80","page","type-page","status-publish","hentry","entry"],"yoast_head":"<!-- This site is optimized with the Yoast SEO plugin v24.1 - https:\/\/yoast.com\/wordpress\/plugins\/seo\/ -->\n<title>Afters FIRR - Firr<\/title>\n<meta name=\"robots\" content=\"index, follow, max-snippet:-1, max-image-preview:large, max-video-preview:-1\" \/>\n<link rel=\"canonical\" href=\"https:\/\/www.festival-du-rire.be\/index.php\/concerts\/\" \/>\n<meta property=\"og:locale\" content=\"fr_FR\" \/>\n<meta property=\"og:type\" content=\"article\" \/>\n<meta property=\"og:title\" content=\"Afters FIRR - Firr\" \/>\n<meta property=\"og:description\" content=\"AFTERS FIRR Ah, le Festival International du Rire de Rochefort, c&rsquo;est bien plus que des \u00e9clats de rire \u00e0 s&rsquo;en d\u00e9crocher la m\u00e2choire ! Vous pensiez qu&rsquo;on ne faisait que chatouiller vos zygomatiques ? D\u00e9trompez-vous ! On va aussi faire vibrer vos oreilles et surtout, r\u00e9veiller le danseur qui sommeille en vous. Entre deux fous [&hellip;]\" \/>\n<meta property=\"og:url\" content=\"https:\/\/www.festival-du-rire.be\/index.php\/concerts\/\" \/>\n<meta property=\"og:site_name\" content=\"Firr\" \/>\n<meta property=\"article:modified_time\" content=\"2026-03-12T13:48:44+00:00\" \/>\n<meta property=\"og:image\" content=\"https:\/\/www.festival-du-rire.be\/wp-content\/uploads\/2026\/03\/Affiche-les-afters-du-FIRR-2026-724x1024.png\" \/>\n<meta name=\"twitter:card\" content=\"summary_large_image\" \/>\n<meta name=\"twitter:label1\" content=\"Dur\u00e9e de lecture estim\u00e9e\" \/>\n\t<meta name=\"twitter:data1\" content=\"3 minutes\" \/>\n<script type=\"application\/ld+json\" class=\"yoast-schema-graph\">{\"@context\":\"https:\/\/schema.org\",\"@graph\":[{\"@type\":\"WebPage\",\"@id\":\"https:\/\/www.festival-du-rire.be\/index.php\/concerts\/\",\"url\":\"https:\/\/www.festival-du-rire.be\/index.php\/concerts\/\",\"name\":\"Afters FIRR - Firr\",\"isPartOf\":{\"@id\":\"https:\/\/www.festival-du-rire.be\/#website\"},\"primaryImageOfPage\":{\"@id\":\"https:\/\/www.festival-du-rire.be\/index.php\/concerts\/#primaryimage\"},\"image\":{\"@id\":\"https:\/\/www.festival-du-rire.be\/index.php\/concerts\/#primaryimage\"},\"thumbnailUrl\":\"https:\/\/www.festival-du-rire.be\/wp-content\/uploads\/2026\/03\/Affiche-les-afters-du-FIRR-2026-724x1024.png\",\"datePublished\":\"2024-07-18T08:30:29+00:00\",\"dateModified\":\"2026-03-12T13:48:44+00:00\",\"breadcrumb\":{\"@id\":\"https:\/\/www.festival-du-rire.be\/index.php\/concerts\/#breadcrumb\"},\"inLanguage\":\"fr-FR\",\"potentialAction\":[{\"@type\":\"ReadAction\",\"target\":[\"https:\/\/www.festival-du-rire.be\/index.php\/concerts\/\"]}]},{\"@type\":\"ImageObject\",\"inLanguage\":\"fr-FR\",\"@id\":\"https:\/\/www.festival-du-rire.be\/index.php\/concerts\/#primaryimage\",\"url\":\"https:\/\/www.festival-du-rire.be\/wp-content\/uploads\/2026\/03\/Affiche-les-afters-du-FIRR-2026.png\",\"contentUrl\":\"https:\/\/www.festival-du-rire.be\/wp-content\/uploads\/2026\/03\/Affiche-les-afters-du-FIRR-2026.png\",\"width\":1414,\"height\":2000},{\"@type\":\"BreadcrumbList\",\"@id\":\"https:\/\/www.festival-du-rire.be\/index.php\/concerts\/#breadcrumb\",\"itemListElement\":[{\"@type\":\"ListItem\",\"position\":1,\"name\":\"Accueil\",\"item\":\"https:\/\/www.festival-du-rire.be\/\"},{\"@type\":\"ListItem\",\"position\":2,\"name\":\"Afters FIRR\"}]},{\"@type\":\"WebSite\",\"@id\":\"https:\/\/www.festival-du-rire.be\/#website\",\"url\":\"https:\/\/www.festival-du-rire.be\/\",\"name\":\"Firr\",\"description\":\"\",\"publisher\":{\"@id\":\"https:\/\/www.festival-du-rire.be\/#organization\"},\"potentialAction\":[{\"@type\":\"SearchAction\",\"target\":{\"@type\":\"EntryPoint\",\"urlTemplate\":\"https:\/\/www.festival-du-rire.be\/?s={search_term_string}\"},\"query-input\":{\"@type\":\"PropertyValueSpecification\",\"valueRequired\":true,\"valueName\":\"search_term_string\"}}],\"inLanguage\":\"fr-FR\"},{\"@type\":\"Organization\",\"@id\":\"https:\/\/www.festival-du-rire.be\/#organization\",\"name\":\"Firr\",\"url\":\"https:\/\/www.festival-du-rire.be\/\",\"logo\":{\"@type\":\"ImageObject\",\"inLanguage\":\"fr-FR\",\"@id\":\"https:\/\/www.festival-du-rire.be\/#\/schema\/logo\/image\/\",\"url\":\"https:\/\/www.festival-du-rire.be\/wp-content\/uploads\/2024\/07\/cropped-Profil-FIRR_smiley-modif.png\",\"contentUrl\":\"https:\/\/www.festival-du-rire.be\/wp-content\/uploads\/2024\/07\/cropped-Profil-FIRR_smiley-modif.png\",\"width\":561,\"height\":442,\"caption\":\"Firr\"},\"image\":{\"@id\":\"https:\/\/www.festival-du-rire.be\/#\/schema\/logo\/image\/\"}}]}<\/script>\n<!-- \/ Yoast SEO plugin. -->","yoast_head_json":{"title":"Afters FIRR - Firr","robots":{"index":"index","follow":"follow","max-snippet":"max-snippet:-1","max-image-preview":"max-image-preview:large","max-video-preview":"max-video-preview:-1"},"canonical":"https:\/\/www.festival-du-rire.be\/index.php\/concerts\/","og_locale":"fr_FR","og_type":"article","og_title":"Afters FIRR - Firr","og_description":"AFTERS FIRR Ah, le Festival International du Rire de Rochefort, c&rsquo;est bien plus que des \u00e9clats de rire \u00e0 s&rsquo;en d\u00e9crocher la m\u00e2choire ! Vous pensiez qu&rsquo;on ne faisait que chatouiller vos zygomatiques ? D\u00e9trompez-vous ! On va aussi faire vibrer vos oreilles et surtout, r\u00e9veiller le danseur qui sommeille en vous. Entre deux fous [&hellip;]","og_url":"https:\/\/www.festival-du-rire.be\/index.php\/concerts\/","og_site_name":"Firr","article_modified_time":"2026-03-12T13:48:44+00:00","og_image":[{"url":"https:\/\/www.festival-du-rire.be\/wp-content\/uploads\/2026\/03\/Affiche-les-afters-du-FIRR-2026-724x1024.png","type":"","width":"","height":""}],"twitter_card":"summary_large_image","twitter_misc":{"Dur\u00e9e de lecture estim\u00e9e":"3 minutes"},"schema":{"@context":"https:\/\/schema.org","@graph":[{"@type":"WebPage","@id":"https:\/\/www.festival-du-rire.be\/index.php\/concerts\/","url":"https:\/\/www.festival-du-rire.be\/index.php\/concerts\/","name":"Afters FIRR - Firr","isPartOf":{"@id":"https:\/\/www.festival-du-rire.be\/#website"},"primaryImageOfPage":{"@id":"https:\/\/www.festival-du-rire.be\/index.php\/concerts\/#primaryimage"},"image":{"@id":"https:\/\/www.festival-du-rire.be\/index.php\/concerts\/#primaryimage"},"thumbnailUrl":"https:\/\/www.festival-du-rire.be\/wp-content\/uploads\/2026\/03\/Affiche-les-afters-du-FIRR-2026-724x1024.png","datePublished":"2024-07-18T08:30:29+00:00","dateModified":"2026-03-12T13:48:44+00:00","breadcrumb":{"@id":"https:\/\/www.festival-du-rire.be\/index.php\/concerts\/#breadcrumb"},"inLanguage":"fr-FR","potentialAction":[{"@type":"ReadAction","target":["https:\/\/www.festival-du-rire.be\/index.php\/concerts\/"]}]},{"@type":"ImageObject","inLanguage":"fr-FR","@id":"https:\/\/www.festival-du-rire.be\/index.php\/concerts\/#primaryimage","url":"https:\/\/www.festival-du-rire.be\/wp-content\/uploads\/2026\/03\/Affiche-les-afters-du-FIRR-2026.png","contentUrl":"https:\/\/www.festival-du-rire.be\/wp-content\/uploads\/2026\/03\/Affiche-les-afters-du-FIRR-2026.png","width":1414,"height":2000},{"@type":"BreadcrumbList","@id":"https:\/\/www.festival-du-rire.be\/index.php\/concerts\/#breadcrumb","itemListElement":[{"@type":"ListItem","position":1,"name":"Accueil","item":"https:\/\/www.festival-du-rire.be\/"},{"@type":"ListItem","position":2,"name":"Afters FIRR"}]},{"@type":"WebSite","@id":"https:\/\/www.festival-du-rire.be\/#website","url":"https:\/\/www.festival-du-rire.be\/","name":"Firr","description":"","publisher":{"@id":"https:\/\/www.festival-du-rire.be\/#organization"},"potentialAction":[{"@type":"SearchAction","target":{"@type":"EntryPoint","urlTemplate":"https:\/\/www.festival-du-rire.be\/?s={search_term_string}"},"query-input":{"@type":"PropertyValueSpecification","valueRequired":true,"valueName":"search_term_string"}}],"inLanguage":"fr-FR"},{"@type":"Organization","@id":"https:\/\/www.festival-du-rire.be\/#organization","name":"Firr","url":"https:\/\/www.festival-du-rire.be\/","logo":{"@type":"ImageObject","inLanguage":"fr-FR","@id":"https:\/\/www.festival-du-rire.be\/#\/schema\/logo\/image\/","url":"https:\/\/www.festival-du-rire.be\/wp-content\/uploads\/2024\/07\/cropped-Profil-FIRR_smiley-modif.png","contentUrl":"https:\/\/www.festival-du-rire.be\/wp-content\/uploads\/2024\/07\/cropped-Profil-FIRR_smiley-modif.png","width":561,"height":442,"caption":"Firr"},"image":{"@id":"https:\/\/www.festival-du-rire.be\/#\/schema\/logo\/image\/"}}]}},"_links":{"self":[{"href":"https:\/\/www.festival-du-rire.be\/index.php\/wp-json\/wp\/v2\/pages\/80","targetHints":{"allow":["GET"]}}],"collection":[{"href":"https:\/\/www.festival-du-rire.be\/index.php\/wp-json\/wp\/v2\/pages"}],"about":[{"href":"https:\/\/www.festival-du-rire.be\/index.php\/wp-json\/wp\/v2\/types\/page"}],"author":[{"embeddable":true,"href":"https:\/\/www.festival-du-rire.be\/index.php\/wp-json\/wp\/v2\/users\/2"}],"replies":[{"embeddable":true,"href":"https:\/\/www.festival-du-rire.be\/index.php\/wp-json\/wp\/v2\/comments?post=80"}],"version-history":[{"count":155,"href":"https:\/\/www.festival-du-rire.be\/index.php\/wp-json\/wp\/v2\/pages\/80\/revisions"}],"predecessor-version":[{"id":4807,"href":"https:\/\/www.festival-du-rire.be\/index.php\/wp-json\/wp\/v2\/pages\/80\/revisions\/4807"}],"wp:attachment":[{"href":"https:\/\/www.festival-du-rire.be\/index.php\/wp-json\/wp\/v2\/media?parent=80"}],"curies":[{"name":"wp","href":"https:\/\/api.w.org\/{rel}","templated":true}]}}